{"id":722,"date":"2016-04-29T16:37:35","date_gmt":"2016-04-29T14:37:35","guid":{"rendered":"http:\/\/couvrewell.com\/es\/linge-de-table\/"},"modified":"2016-12-07T17:52:05","modified_gmt":"2016-12-07T16:52:05","slug":"manteleria","status":"publish","type":"page","link":"http:\/\/couvrewell.com\/es\/manteleria\/","title":{"rendered":"Ropa de mesa"},"content":{"rendered":"<h3>El mantel<\/h3>\n<p>Para uso hotelero o dom\u00e9stico, para sus comidas de celebraci\u00f3n o para el d\u00eda a d\u00eda, fabricamos nuestros manteles en diferentes formas (redondos, cuadrados, rectangulares, ovalados&#8230;) y con diferentes materiales (sat\u00e9n, damasco, PVC&#8230;).<\/p>\n<p>Acabados a elegir: dobladillo simple, con revestimiento&#8230;<\/p>\n<h3>El mantel bajero<\/h3>\n<p>Nuestros manteles bajeros son ideales para proteger a sus mesas de golpes, del calor de los platos o de restos de l\u00edquidos.<\/p>\n<p>Dispone de varios materiales y acabados&#8230;<\/p>\n<h3>Los complementos<\/h3>\n<p>Nuestro cat\u00e1logo de ropa de mesa tambi\u00e9n incluye una amplia selecci\u00f3n de cubremanteles, caminos de mesa, servilletas y manteles individuales para perfeccionar la decoraci\u00f3n de su mesa. Adem\u00e1s, hemos desarrollado una gama de accesorios de cocina de tela como delantales, guantes, manoplas, etc.<\/p>\n<p><img loading=\"lazy\" class=\"alignnone wp-image-1777 size-full\" src=\"http:\/\/couvrewell.com\/wp-content\/uploads\/2016\/04\/Linge-de-table-2.jpg\" width=\"710\" height=\"347\" srcset=\"http:\/\/couvrewell.com\/wp-content\/uploads\/2016\/04\/Linge-de-table-2.jpg 710w, http:\/\/couvrewell.com\/wp-content\/uploads\/2016\/04\/Linge-de-table-2-360x176.jpg 360w, http:\/\/couvrewell.com\/wp-content\/uploads\/2016\/04\/Linge-de-table-2-614x300.jpg 614w, http:\/\/couvrewell.com\/wp-content\/uploads\/2016\/04\/Linge-de-table-2-400x195.jpg 400w, http:\/\/couvrewell.com\/wp-content\/uploads\/2016\/04\/Linge-de-table-2-545x266.jpg 545w\" sizes=\"(max-width: 710px) 100vw, 710px\" \/><\/p>\n","protected":false},"excerpt":{"rendered":"<p>El mantel Para uso hotelero o dom\u00e9stico, para sus comidas de celebraci\u00f3n o para el d\u00eda a d\u00eda, fabricamos nuestros manteles en diferentes formas (redondos, cuadrados, rectangulares, ovalados&#8230;) y con diferentes materiales (sat\u00e9n, damasco, PVC&#8230;). Acabados a elegir: dobladillo simple, con revestimiento&#8230; El mantel bajero Nuestros manteles bajeros son ideales para proteger a sus mesas [&hellip;]<\/p>\n","protected":false},"author":9,"featured_media":1231,"parent":0,"menu_order":17,"comment_status":"closed","ping_status":"closed","template":"","meta":[],"_links":{"self":[{"href":"http:\/\/couvrewell.com\/es\/wp-json\/wp\/v2\/pages\/722"}],"collection":[{"href":"http:\/\/couvrewell.com\/es\/wp-json\/wp\/v2\/pages"}],"about":[{"href":"http:\/\/couvrewell.com\/es\/wp-json\/wp\/v2\/types\/page"}],"author":[{"embeddable":true,"href":"http:\/\/couvrewell.com\/es\/wp-json\/wp\/v2\/users\/9"}],"replies":[{"embeddable":true,"href":"http:\/\/couvrewell.com\/es\/wp-json\/wp\/v2\/comments?post=722"}],"version-history":[{"count":6,"href":"http:\/\/couvrewell.com\/es\/wp-json\/wp\/v2\/pages\/722\/revisions"}],"predecessor-version":[{"id":1780,"href":"http:\/\/couvrewell.com\/es\/wp-json\/wp\/v2\/pages\/722\/revisions\/1780"}],"wp:featuredmedia":[{"embeddable":true,"href":"http:\/\/couvrewell.com\/es\/wp-json\/wp\/v2\/media\/1231"}],"wp:attachment":[{"href":"http:\/\/couvrewell.com\/es\/wp-json\/wp\/v2\/media?parent=722"}],"curies":[{"name":"wp","href":"https:\/\/api.w.org\/{rel}","templated":true}]}}