{"id":719,"date":"2016-04-29T16:36:53","date_gmt":"2016-04-29T14:36:53","guid":{"rendered":"http:\/\/couvrewell.com\/es\/a-propos\/"},"modified":"2016-11-23T14:57:52","modified_gmt":"2016-11-23T13:57:52","slug":"acerca-de","status":"publish","type":"page","link":"http:\/\/couvrewell.com\/es\/acerca-de\/","title":{"rendered":"Sobre nosotros"},"content":{"rendered":"<p>Desde su creaci\u00f3n en 1997, la marca Couvre Well intenta responder a las necesidades de sus clientes.<br \/>\nEse es sin ninguna duda el fundamento de la empresa familiar que re\u00fane a los miembros del equipo en torno a una misma pasi\u00f3n: la confecci\u00f3n de colecciones de ropa para el hogar de calidad y acordes a los tiempos que corren.<\/p>\n<p>Todas las personas, desde las que hacen los dise\u00f1os hasta las que hacen las labores de costura, comparten los mismos valores fundamentales: experiencia, calidad, exigencia y atenci\u00f3n al detalle.<\/p>\n<p>Couvre Well, que ofrece ropa para el hogar para profesionales y particulares, se adapta a todas las necesidades y reinterpreta una y otra vez las tendencias en materia de colores y motivos.<br \/>\nMateriales, colores, tejidos&#8230; Cada detalle est\u00e1 concebido para garantizarle una absoluta calidad y una excelente durabilidad.<\/p>\n","protected":false},"excerpt":{"rendered":"<p>Desde su creaci\u00f3n en 1997, la marca Couvre Well intenta responder a las necesidades de sus clientes. Ese es sin ninguna duda el fundamento de la empresa familiar que re\u00fane a los miembros del equipo en torno a una misma pasi\u00f3n: la confecci\u00f3n de colecciones de ropa para el hogar de calidad y acordes a [&hellip;]<\/p>\n","protected":false},"author":9,"featured_media":0,"parent":0,"menu_order":16,"comment_status":"closed","ping_status":"closed","template":"a_propos.php","meta":[],"_links":{"self":[{"href":"http:\/\/couvrewell.com\/es\/wp-json\/wp\/v2\/pages\/719"}],"collection":[{"href":"http:\/\/couvrewell.com\/es\/wp-json\/wp\/v2\/pages"}],"about":[{"href":"http:\/\/couvrewell.com\/es\/wp-json\/wp\/v2\/types\/page"}],"author":[{"embeddable":true,"href":"http:\/\/couvrewell.com\/es\/wp-json\/wp\/v2\/users\/9"}],"replies":[{"embeddable":true,"href":"http:\/\/couvrewell.com\/es\/wp-json\/wp\/v2\/comments?post=719"}],"version-history":[{"count":4,"href":"http:\/\/couvrewell.com\/es\/wp-json\/wp\/v2\/pages\/719\/revisions"}],"predecessor-version":[{"id":1641,"href":"http:\/\/couvrewell.com\/es\/wp-json\/wp\/v2\/pages\/719\/revisions\/1641"}],"wp:attachment":[{"href":"http:\/\/couvrewell.com\/es\/wp-json\/wp\/v2\/media?parent=719"}],"curies":[{"name":"wp","href":"https:\/\/api.w.org\/{rel}","templated":true}]}}